{"id":14077,"date":"2023-11-02T08:17:25","date_gmt":"2023-11-02T08:17:25","guid":{"rendered":"https:\/\/barrica.yoursporto.com\/?page_id=14077"},"modified":"2024-12-06T13:06:40","modified_gmt":"2024-12-06T13:06:40","slug":"our-team","status":"publish","type":"page","link":"https:\/\/barrica.yoursporto.com\/pt-pt\/our-team\/","title":{"rendered":"A nossa equipa"},"content":{"rendered":"\t\t<div data-elementor-type=\"wp-page\" data-elementor-id=\"14077\" class=\"elementor elementor-14077 elementor-4816\">\n\t\t\t\t<div class=\"elementor-element elementor-element-b1d347f e-flex e-con-boxed e-con e-parent\" data-id=\"b1d347f\" data-element_type=\"container\">\n\t\t\t\t\t<div class=\"e-con-inner\">\n\t\t\t\t<div class=\"elementor-element elementor-element-72fce13 elementor-widget__width-initial elementor-widget elementor-widget-fidalgo_core_section_title\" data-id=\"72fce13\" data-element_type=\"widget\" data-widget_type=\"fidalgo_core_section_title.default\">\n\t\t\t\t<div class=\"elementor-widget-container\">\n\t\t\t<div class=\"qodef-shortcode qodef-m  qodef-section-title qodef-alignment--center  \">\n\t\t<h2 class=\"qodef-m-title\" >\n\t\t\t\t\tconhece a equipa\t\t\t<\/h2>\n\t\t\t<p class=\"qodef-m-text\" style=\"margin-top: 15px\">Deixas-nos surpreender-te?<\/p>\n<\/div>\n\t\t<\/div>\n\t\t\t\t<\/div>\n\t\t\t\t<div class=\"elementor-element elementor-element-7afab57 elementor-widget-mobile__width-inherit elementor-widget elementor-widget-fidalgo_core_team_list\" data-id=\"7afab57\" data-element_type=\"widget\" data-widget_type=\"fidalgo_core_team_list.default\">\n\t\t\t\t<div class=\"elementor-widget-container\">\n\t\t\t<div class=\"qodef-shortcode qodef-m  qodef-team-list qodef-item-layout--info-below qodef-team--image-round-corners qodef-team-item-border-yes qodef-grid qodef-layout--columns  qodef-gutter--small qodef-vertical-gutter--small qodef-col-num--3 qodef-item-layout--info-below   qodef-pagination--off qodef-responsive--custom qodef-col-num--1512--3 qodef-col-num--1368--3 qodef-col-num--1200--3 qodef-col-num--1024--2 qodef-col-num--880--2 qodef-col-num--680--1 qodef-swiper--show-pagination\"  data-options=\"{&quot;plugin&quot;:&quot;fidalgo_core&quot;,&quot;module&quot;:&quot;post-types\\\/team\\\/shortcodes&quot;,&quot;shortcode&quot;:&quot;team-list&quot;,&quot;post_type&quot;:&quot;team&quot;,&quot;next_page&quot;:&quot;2&quot;,&quot;max_pages_num&quot;:1,&quot;behavior&quot;:&quot;columns&quot;,&quot;images_proportion&quot;:&quot;full&quot;,&quot;columns&quot;:&quot;3&quot;,&quot;columns_responsive&quot;:&quot;custom&quot;,&quot;columns_1512&quot;:&quot;3&quot;,&quot;columns_1368&quot;:&quot;3&quot;,&quot;columns_1200&quot;:&quot;3&quot;,&quot;columns_1024&quot;:&quot;2&quot;,&quot;columns_880&quot;:&quot;2&quot;,&quot;columns_680&quot;:&quot;1&quot;,&quot;space&quot;:&quot;small&quot;,&quot;vertical_space&quot;:&quot;small&quot;,&quot;slider_navigation_hide&quot;:&quot;none&quot;,&quot;slider_pagination_hide&quot;:&quot;none&quot;,&quot;posts_per_page&quot;:&quot;6&quot;,&quot;orderby&quot;:&quot;date&quot;,&quot;order&quot;:&quot;ASC&quot;,&quot;additional_params&quot;:&quot;tax&quot;,&quot;tax&quot;:&quot;team-category&quot;,&quot;tax_slug&quot;:&quot;team2&quot;,&quot;layout&quot;:&quot;info-below&quot;,&quot;title_tag&quot;:&quot;h4&quot;,&quot;pagination_type&quot;:&quot;no-pagination&quot;,&quot;enable_round_corners&quot;:&quot;yes&quot;,&quot;enable_item_border&quot;:&quot;yes&quot;,&quot;object_class_name&quot;:&quot;FidalgoCore_Team_List_Shortcode&quot;,&quot;taxonomy_filter&quot;:&quot;team-category&quot;,&quot;additional_query_args&quot;:{&quot;tax_query&quot;:[{&quot;taxonomy&quot;:&quot;team-category&quot;,&quot;field&quot;:&quot;slug&quot;,&quot;terms&quot;:&quot;team2&quot;}]},&quot;holder_styles&quot;:[],&quot;item_classes&quot;:&quot;qodef-e qodef-grid-item &quot;,&quot;space_value&quot;:20}\">\n\t\t<div class=\"qodef-grid-inner\">\n\t\t<div class=\"qodef-e qodef-grid-item  post-4818 team type-team status-publish has-post-thumbnail hentry team-category-team2\">\n\t<div class=\"qodef-e-inner\">\n\t\t<div class=\"qodef-e-image\">\n\t\t\t\t<div class=\"qodef-e-media-image\">\n\t\t\t\t\t<img fetchpriority=\"high\" decoding=\"async\" width=\"1763\" height=\"2560\" src=\"https:\/\/i0.wp.com\/barrica.yoursporto.com\/wp-content\/uploads\/2024\/11\/B1-scaled.jpg?fit=1763%2C2560&amp;ssl=1\" class=\"attachment-full size-full wp-post-image\" alt=\"\" srcset=\"https:\/\/i0.wp.com\/barrica.yoursporto.com\/wp-content\/uploads\/2024\/11\/B1-scaled.jpg?w=1763&amp;ssl=1 1763w, https:\/\/i0.wp.com\/barrica.yoursporto.com\/wp-content\/uploads\/2024\/11\/B1-scaled.jpg?resize=600%2C871&amp;ssl=1 600w, https:\/\/i0.wp.com\/barrica.yoursporto.com\/wp-content\/uploads\/2024\/11\/B1-scaled.jpg?resize=207%2C300&amp;ssl=1 207w, https:\/\/i0.wp.com\/barrica.yoursporto.com\/wp-content\/uploads\/2024\/11\/B1-scaled.jpg?resize=705%2C1024&amp;ssl=1 705w, https:\/\/i0.wp.com\/barrica.yoursporto.com\/wp-content\/uploads\/2024\/11\/B1-scaled.jpg?resize=768%2C1115&amp;ssl=1 768w, https:\/\/i0.wp.com\/barrica.yoursporto.com\/wp-content\/uploads\/2024\/11\/B1-scaled.jpg?resize=1058%2C1536&amp;ssl=1 1058w, https:\/\/i0.wp.com\/barrica.yoursporto.com\/wp-content\/uploads\/2024\/11\/B1-scaled.jpg?resize=1411%2C2048&amp;ssl=1 1411w\" sizes=\"(max-width: 1300px) 100vw, 1300px\" \/>\t\t\t<\/div>\n\t\t<\/div>\n\t\t<div class=\"qodef-e-content\" >\n            <h4 itemprop=\"name\" class=\"qodef-e-title entry-title\" >\n\t\t\tAnt\u00f3nio Rita\t<\/h4>\n\t\t\t\t<p class=\"qodef-e-role\">Junior - Chef<\/p>\n\t\t\t\t\t\t\t\t<\/div>\n            <\/a>\t<\/div>\n<\/div>\n<div class=\"qodef-e qodef-grid-item  post-4825 team type-team status-publish has-post-thumbnail hentry team-category-team2\">\n\t<div class=\"qodef-e-inner\">\n\t\t<div class=\"qodef-e-image\">\n\t\t\t\t<div class=\"qodef-e-media-image\">\n\t\t\t\t\t<img decoding=\"async\" width=\"1763\" height=\"2560\" src=\"https:\/\/i0.wp.com\/barrica.yoursporto.com\/wp-content\/uploads\/2024\/11\/B6-scaled.jpg?fit=1763%2C2560&amp;ssl=1\" class=\"attachment-full size-full wp-post-image\" alt=\"\" srcset=\"https:\/\/i0.wp.com\/barrica.yoursporto.com\/wp-content\/uploads\/2024\/11\/B6-scaled.jpg?w=1763&amp;ssl=1 1763w, https:\/\/i0.wp.com\/barrica.yoursporto.com\/wp-content\/uploads\/2024\/11\/B6-scaled.jpg?resize=600%2C871&amp;ssl=1 600w, https:\/\/i0.wp.com\/barrica.yoursporto.com\/wp-content\/uploads\/2024\/11\/B6-scaled.jpg?resize=207%2C300&amp;ssl=1 207w, https:\/\/i0.wp.com\/barrica.yoursporto.com\/wp-content\/uploads\/2024\/11\/B6-scaled.jpg?resize=705%2C1024&amp;ssl=1 705w, https:\/\/i0.wp.com\/barrica.yoursporto.com\/wp-content\/uploads\/2024\/11\/B6-scaled.jpg?resize=768%2C1115&amp;ssl=1 768w, https:\/\/i0.wp.com\/barrica.yoursporto.com\/wp-content\/uploads\/2024\/11\/B6-scaled.jpg?resize=1058%2C1536&amp;ssl=1 1058w, https:\/\/i0.wp.com\/barrica.yoursporto.com\/wp-content\/uploads\/2024\/11\/B6-scaled.jpg?resize=1411%2C2048&amp;ssl=1 1411w\" sizes=\"(max-width: 1300px) 100vw, 1300px\" \/>\t\t\t<\/div>\n\t\t<\/div>\n\t\t<div class=\"qodef-e-content\" >\n            <h4 itemprop=\"name\" class=\"qodef-e-title entry-title\" >\n\t\t\tHugo Guimar\u00e3es\t<\/h4>\n\t\t\t\t<p class=\"qodef-e-role\">Host<\/p>\n\t\t\t\t\t\t\t\t<\/div>\n            <\/a>\t<\/div>\n<\/div>\n<div class=\"qodef-e qodef-grid-item  post-4826 team type-team status-publish has-post-thumbnail hentry team-category-team2\">\n\t<div class=\"qodef-e-inner\">\n\t\t<div class=\"qodef-e-image\">\n\t\t\t\t<div class=\"qodef-e-media-image\">\n\t\t\t\t\t<img decoding=\"async\" width=\"1763\" height=\"2560\" src=\"https:\/\/i0.wp.com\/barrica.yoursporto.com\/wp-content\/uploads\/2023\/11\/Anderson-scaled.jpg?fit=1763%2C2560&amp;ssl=1\" class=\"attachment-full size-full wp-post-image\" alt=\"\" srcset=\"https:\/\/i0.wp.com\/barrica.yoursporto.com\/wp-content\/uploads\/2023\/11\/Anderson-scaled.jpg?w=1763&amp;ssl=1 1763w, https:\/\/i0.wp.com\/barrica.yoursporto.com\/wp-content\/uploads\/2023\/11\/Anderson-scaled.jpg?resize=207%2C300&amp;ssl=1 207w, https:\/\/i0.wp.com\/barrica.yoursporto.com\/wp-content\/uploads\/2023\/11\/Anderson-scaled.jpg?resize=705%2C1024&amp;ssl=1 705w, https:\/\/i0.wp.com\/barrica.yoursporto.com\/wp-content\/uploads\/2023\/11\/Anderson-scaled.jpg?resize=768%2C1115&amp;ssl=1 768w, https:\/\/i0.wp.com\/barrica.yoursporto.com\/wp-content\/uploads\/2023\/11\/Anderson-scaled.jpg?resize=1058%2C1536&amp;ssl=1 1058w, https:\/\/i0.wp.com\/barrica.yoursporto.com\/wp-content\/uploads\/2023\/11\/Anderson-scaled.jpg?resize=1411%2C2048&amp;ssl=1 1411w, https:\/\/i0.wp.com\/barrica.yoursporto.com\/wp-content\/uploads\/2023\/11\/Anderson-scaled.jpg?resize=600%2C871&amp;ssl=1 600w\" sizes=\"(max-width: 1300px) 100vw, 1300px\" \/>\t\t\t<\/div>\n\t\t<\/div>\n\t\t<div class=\"qodef-e-content\" >\n            <h4 itemprop=\"name\" class=\"qodef-e-title entry-title\" >\n\t\t\tAnderson\t<\/h4>\n\t\t\t\t<p class=\"qodef-e-role\">Dishwash<\/p>\n\t\t\t\t\t\t\t\t<\/div>\n            <\/a>\t<\/div>\n<\/div>\n<div class=\"qodef-e qodef-grid-item  post-4828 team type-team status-publish hentry team-category-team2\">\n\t<div class=\"qodef-e-inner\">\n\t\t<div class=\"qodef-e-image\">\n\t\t\t\t\t<\/div>\n\t\t<div class=\"qodef-e-content\" >\n            <h4 itemprop=\"name\" class=\"qodef-e-title entry-title\" >\n\t\t\tPedro Pizarro\t<\/h4>\n\t\t\t\t<p class=\"qodef-e-role\">Host<\/p>\n\t\t\t\t\t\t\t\t<\/div>\n            <\/a>\t<\/div>\n<\/div>\n<div class=\"qodef-e qodef-grid-item  post-4829 team type-team status-publish has-post-thumbnail hentry team-category-team2\">\n\t<div class=\"qodef-e-inner\">\n\t\t<div class=\"qodef-e-image\">\n\t\t\t\t<div class=\"qodef-e-media-image\">\n\t\t\t\t\t<img loading=\"lazy\" decoding=\"async\" width=\"1763\" height=\"2560\" src=\"https:\/\/i0.wp.com\/barrica.yoursporto.com\/wp-content\/uploads\/2024\/11\/B2-scaled.jpg?fit=1763%2C2560&amp;ssl=1\" class=\"attachment-full size-full wp-post-image\" alt=\"\" srcset=\"https:\/\/i0.wp.com\/barrica.yoursporto.com\/wp-content\/uploads\/2024\/11\/B2-scaled.jpg?w=1763&amp;ssl=1 1763w, https:\/\/i0.wp.com\/barrica.yoursporto.com\/wp-content\/uploads\/2024\/11\/B2-scaled.jpg?resize=600%2C871&amp;ssl=1 600w, https:\/\/i0.wp.com\/barrica.yoursporto.com\/wp-content\/uploads\/2024\/11\/B2-scaled.jpg?resize=207%2C300&amp;ssl=1 207w, https:\/\/i0.wp.com\/barrica.yoursporto.com\/wp-content\/uploads\/2024\/11\/B2-scaled.jpg?resize=705%2C1024&amp;ssl=1 705w, https:\/\/i0.wp.com\/barrica.yoursporto.com\/wp-content\/uploads\/2024\/11\/B2-scaled.jpg?resize=768%2C1115&amp;ssl=1 768w, https:\/\/i0.wp.com\/barrica.yoursporto.com\/wp-content\/uploads\/2024\/11\/B2-scaled.jpg?resize=1058%2C1536&amp;ssl=1 1058w, https:\/\/i0.wp.com\/barrica.yoursporto.com\/wp-content\/uploads\/2024\/11\/B2-scaled.jpg?resize=1411%2C2048&amp;ssl=1 1411w\" sizes=\"(max-width: 1300px) 100vw, 1300px\" \/>\t\t\t<\/div>\n\t\t<\/div>\n\t\t<div class=\"qodef-e-content\" >\n            <h4 itemprop=\"name\" class=\"qodef-e-title entry-title\" >\n\t\t\tBruno de Jesus\t<\/h4>\n\t\t\t\t<p class=\"qodef-e-role\">Chef<\/p>\n\t\t\t\t\t\t\t\t<\/div>\n            <\/a>\t<\/div>\n<\/div>\n<div class=\"qodef-e qodef-grid-item  post-14222 team type-team status-publish hentry team-category-team2\">\n\t<div class=\"qodef-e-inner\">\n\t\t<div class=\"qodef-e-image\">\n\t\t\t\t\t<\/div>\n\t\t<div class=\"qodef-e-content\" >\n            <h4 itemprop=\"name\" class=\"qodef-e-title entry-title\" >\n\t\t\tPedro Garcia\t<\/h4>\n\t\t\t\t<p class=\"qodef-e-role\">Host<\/p>\n\t\t\t\t\t\t\t\t<\/div>\n            <\/a>\t<\/div>\n<\/div>\n\t<\/div>\n\t<\/div>\n\t\t<\/div>\n\t\t\t\t<\/div>\n\t\t\t\t\t<\/div>\n\t\t\t\t<\/div>\n\t\t<div class=\"elementor-element elementor-element-163ae1f e-con-full e-flex e-con e-parent\" data-id=\"163ae1f\" data-element_type=\"container\">\n\t\t<div class=\"elementor-element elementor-element-80010e0 e-con-full e-flex e-con e-child\" data-id=\"80010e0\" data-element_type=\"container\" data-settings=\"{&quot;background_background&quot;:&quot;classic&quot;}\">\n\t\t\t\t<\/div>\n\t\t<div class=\"elementor-element elementor-element-88993a3 e-con-full e-flex e-con e-child\" data-id=\"88993a3\" data-element_type=\"container\">\n\t\t\t\t<div class=\"elementor-element elementor-element-7475060 elementor-widget__width-initial elementor-widget-tablet__width-initial elementor-widget elementor-widget-fidalgo_core_icon_with_text\" data-id=\"7475060\" data-element_type=\"widget\" data-widget_type=\"fidalgo_core_icon_with_text.default\">\n\t\t\t\t<div class=\"elementor-widget-container\">\n\t\t\t<div class=\"qodef-shortcode qodef-m  qodef-icon-with-text qodef-layout--top qodef--custom-icon qodef--retina qodef-alignment--center\">\n\t<div class=\"qodef-m-icon-wrapper\">\n\t\t\t\t\t<img loading=\"lazy\" decoding=\"async\" width=\"2495\" height=\"735\" src=\"https:\/\/i0.wp.com\/barrica.yoursporto.com\/wp-content\/uploads\/2024\/10\/Logo_Barrica-Cort.png?fit=2495%2C735&amp;ssl=1\" class=\"attachment-full size-full\" alt=\"\" srcset=\"https:\/\/i0.wp.com\/barrica.yoursporto.com\/wp-content\/uploads\/2024\/10\/Logo_Barrica-Cort.png?w=2495&amp;ssl=1 2495w, https:\/\/i0.wp.com\/barrica.yoursporto.com\/wp-content\/uploads\/2024\/10\/Logo_Barrica-Cort.png?resize=600%2C177&amp;ssl=1 600w\" sizes=\"(max-width: 1300px) 100vw, 1300px\" \/>\t\t<\/div>\n\t<div class=\"qodef-m-content\">\n\t\t\t<h2 class=\"qodef-m-title\" style=\"margin-top: 20px\">\n\t\t\t\t\t<span class=\"qodef-m-title-text\">Queres juntar-te a n\u00f3s?<\/span>\n\t\t\t<\/h2>\n\t\t\t<\/div>\n<\/div>\n\t\t<\/div>\n\t\t\t\t<\/div>\n\t\t\t\t<div class=\"elementor-element elementor-element-aeeaf5a elementor-widget elementor-widget-fidalgo_core_button\" data-id=\"aeeaf5a\" data-element_type=\"widget\" data-widget_type=\"fidalgo_core_button.default\">\n\t\t\t\t<div class=\"elementor-widget-container\">\n\t\t\t<a class=\"qodef-shortcode qodef-m  qodef-button qodef-layout--outlined qodef-size--large qodef-html--link\" href=\"https:\/\/yoursporto.com\/index.php\/work-with-us\/\" target=\"_blank\"  style=\"margin: 30px 0 0\">\n\t<span class=\"qodef-m-text\">apresenta o teu CV<\/span>\n<\/a>\n\t\t<\/div>\n\t\t\t\t<\/div>\n\t\t\t\t<\/div>\n\t\t\t\t<\/div>\n\t\t<div class=\"elementor-element elementor-element-f4837f0 e-con-full qodef-elementor-content-grid e-flex e-con e-parent\" data-id=\"f4837f0\" data-element_type=\"container\">\n\t\t\t\t<div class=\"elementor-element elementor-element-13594fb elementor-widget__width-inherit elementor-widget elementor-widget-fidalgo_core_testimonials_list\" data-id=\"13594fb\" data-element_type=\"widget\" data-widget_type=\"fidalgo_core_testimonials_list.default\">\n\t\t\t\t<div class=\"elementor-widget-container\">\n\t\t\t<div class=\"qodef-testimonials-slider-holder \">\n        <div class=\"qodef-shortcode qodef-m  qodef-testimonials-list  qodef-content-alignment--center qodef-grid qodef-swiper-container    qodef-col-num--1 qodef-item-layout--info-below   qodef-responsive--custom qodef-col-num--1512--1 qodef-col-num--1368--1 qodef-col-num--1200--1 qodef-col-num--1024--1 qodef-col-num--880--1 qodef-col-num--680--1 qodef-swiper--show-pagination qodef-swiper--show-navigation-combo\"  data-options=\"{&quot;spaceBetween&quot;:30,&quot;slidesPerView&quot;:&quot;1&quot;,&quot;loop&quot;:true,&quot;autoplay&quot;:false,&quot;speed&quot;:&quot;&quot;,&quot;speedAnimation&quot;:&quot;&quot;,&quot;slideAnimation&quot;:&quot;&quot;,&quot;direction&quot;:&quot;&quot;,&quot;centeredSlides&quot;:&quot;&quot;,&quot;sliderScroll&quot;:&quot;&quot;,&quot;loopedSlides&quot;:&quot;&quot;,&quot;hiddenSlides&quot;:&quot;&quot;,&quot;customStages&quot;:true,&quot;slidesPerView1512&quot;:&quot;1&quot;,&quot;slidesPerView1368&quot;:&quot;1&quot;,&quot;slidesPerView1200&quot;:&quot;1&quot;,&quot;slidesPerView1024&quot;:&quot;1&quot;,&quot;slidesPerView880&quot;:&quot;1&quot;,&quot;slidesPerView680&quot;:&quot;1&quot;,&quot;outsideNavigation&quot;:&quot;yes&quot;,&quot;unique&quot;:317}\">\n            <p class=\"qodef-e-static-title\">\n        Dizem de n\u00f3s    <\/p>\n        <div class=\"swiper-wrapper\">\n            <div class=\"qodef-e swiper-slide \">\n\t<div class=\"qodef-e-inner\">\n\t\t\t\t<div class=\"qodef-e-content\">\n\t\t\t\t\t\t\t<p itemprop=\"description\" class=\"qodef-e-text\">From the very warm greeting you get as you enter Barrica, to being served by the most professional friendly lovely members of staff led by Hugo. <\/p>\n\t\t\t\t<h6 class=\"qodef-e-author\" data-swiper-parallax=\"-150\" data-swiper-parallax-opacity=\"0.5\" data-swiper-parallax-duration=\"1000\">\n\t\t<span class=\"qodef-e-author-name\">By Sandyn<\/span>\n\t\t\t\t\t<span class=\"qodef-e-author-job\">tripadvisor<\/span>\n\t\t\t<\/h6>\n\t\t<\/div>\n\t<\/div>\n<\/div>\n<div class=\"qodef-e swiper-slide \">\n\t<div class=\"qodef-e-inner\">\n\t\t\t\t<div class=\"qodef-e-content\">\n\t\t\t\t\t\t\t<p itemprop=\"description\" class=\"qodef-e-text\">The staff were so welcoming when we arrived. The room is lovely and the food is wonderful. The two guys in the kitchen produce amazing quality tasting menu dishes.<\/p>\n\t\t\t\t<h6 class=\"qodef-e-author\" data-swiper-parallax=\"-150\" data-swiper-parallax-opacity=\"0.5\" data-swiper-parallax-duration=\"1000\">\n\t\t<span class=\"qodef-e-author-name\">By Stephanie Carson<\/span>\n\t\t\t\t\t<span class=\"qodef-e-author-job\">thefork<\/span>\n\t\t\t<\/h6>\n\t\t<\/div>\n\t<\/div>\n<\/div>\n<div class=\"qodef-e swiper-slide \">\n\t<div class=\"qodef-e-inner\">\n\t\t\t\t<div class=\"qodef-e-content\">\n\t\t\t\t\t\t\t<p itemprop=\"description\" class=\"qodef-e-text\">The standard of service is sublime, the food is excellent. I really can\u2019t express just how much the experience in this restaurant is up to par with some of the world\u2019s top ten. Outstanding.<\/p>\n\t\t\t\t<h6 class=\"qodef-e-author\" data-swiper-parallax=\"-150\" data-swiper-parallax-opacity=\"0.5\" data-swiper-parallax-duration=\"1000\">\n\t\t<span class=\"qodef-e-author-name\">By Rob B<\/span>\n\t\t\t\t\t<span class=\"qodef-e-author-job\">google<\/span>\n\t\t\t<\/h6>\n\t\t<\/div>\n\t<\/div>\n<\/div>\n        <\/div>\n        \t<div class=\"swiper-pagination\"><\/div>\n    <\/div>\n        \t<div class=\"swiper-button-prev swiper-button-outside swiper-button-prev-317\"><svg class=\"qodef-svg--slider-arrow-left\"  xmlns=\"http:\/\/www.w3.org\/2000\/svg\" width=\"29.457\" height=\"57.914\"><g fill=\"none\" stroke=\"currentColor\" stroke-linecap=\"round\" stroke-linejoin=\"round\"><path d=\"M28.75.707.5 28.957l28.25 28.25\"\/><path d=\"M 18.75 39.682 L 8.11 29.043 l 10.64 -10.64\"\/><\/g><\/svg><\/div>\n\t<div class=\"swiper-button-next swiper-button-outside swiper-button-next-317\"><svg class=\"qodef-svg--slider-arrow-right\" xmlns=\"http:\/\/www.w3.org\/2000\/svg\" width=\"29.457\" height=\"57.914\"><g fill=\"none\" stroke=\"currentColor\" stroke-linecap=\"round\" stroke-linejoin=\"round\"><path d=\"m.707 57.207 28.25-28.25L.707.707\"\/><path d=\"m10.707 39.596 10.64-10.639-10.64-10.64\" \/><\/g><\/svg><\/div>\n<\/div>\n\t\t<\/div>\n\t\t\t\t<\/div>\n\t\t\t\t<\/div>\n\t\t<div class=\"elementor-element elementor-element-5a073811 e-con-full e-flex e-con e-parent\" data-id=\"5a073811\" data-element_type=\"container\">\n\t\t\t\t<div class=\"elementor-element elementor-element-38e45b6c elementor-widget__width-inherit elementor-widget elementor-widget-fidalgo_core_text_marquee\" data-id=\"38e45b6c\" data-element_type=\"widget\" data-widget_type=\"fidalgo_core_text_marquee.default\">\n\t\t\t\t<div class=\"elementor-widget-container\">\n\t\t\t<div class=\"qodef-shortcode qodef-m  qodef-text-marquee qodef-text-marquee-538 qodef-layout--default qodef-direction--left\" >\n\t<div class=\"qodef-m-content\" style=\"font-family: Mrs Saint Delafield;font-size: 40px;line-height: 39px;text-transform: none;--qode-marquee-color: #B58C67\">\n\t\t<div class=\"qodef-m-content-inner\">\n\t\t\t\t\t\t\t<div class=\"qodef-marquee-item qodef-e\" >\n\t\t\t\t\t\t\t\t\t\t\t\t\t\t\t\t\t\t\t\t\t\t<span class=\"qodef-m-text\" >\n\t\t\t\t\t\t\tPimenta\t\t\t\t\t\t<\/span>\n\n\t\t\t\t\t\t\t\t\t<\/div>\n\t\t\t\t\t\t\t<div class=\"qodef-marquee-item qodef-e\" >\n\t\t\t\t\t\t\t\t\t\t\t\t\t\t\t\t\t\t\t\t\t\t<span class=\"qodef-m-text\" >\n\t\t\t\t\t\t\tAma\t\t\t\t\t\t<\/span>\n\n\t\t\t\t\t\t\t\t\t<\/div>\n\t\t\t\t\t\t\t<div class=\"qodef-marquee-item qodef-e\" >\n\t\t\t\t\t\t\t\t\t\t\t\t\t\t\t\t\t\t\t\t\t\t<span class=\"qodef-m-text\" >\n\t\t\t\t\t\t\tCebola\t\t\t\t\t\t<\/span>\n\n\t\t\t\t\t\t\t\t\t<\/div>\n\t\t\t\t\t\t\t<div class=\"qodef-marquee-item qodef-e\" >\n\t\t\t\t\t\t\t\t\t\t\t\t\t\t\t\t\t\t\t\t\t\t<span class=\"qodef-m-text\" >\n\t\t\t\t\t\t\tMem\u00f3rias\t\t\t\t\t\t<\/span>\n\n\t\t\t\t\t\t\t\t\t<\/div>\n\t\t\t\t\t\t\t<div class=\"qodef-marquee-item qodef-e\" >\n\t\t\t\t\t\t\t\t\t\t\t\t\t\t\t\t\t\t\t\t\t\t<span class=\"qodef-m-text\" >\n\t\t\t\t\t\t\tAlho\t\t\t\t\t\t<\/span>\n\n\t\t\t\t\t\t\t\t\t<\/div>\n\t\t\t\t\t\t\t<div class=\"qodef-marquee-item qodef-e\" >\n\t\t\t\t\t\t\t\t\t\t\t\t\t\t\t\t\t\t\t\t\t\t<span class=\"qodef-m-text\" >\n\t\t\t\t\t\t\tAlma\t\t\t\t\t\t<\/span>\n\n\t\t\t\t\t\t\t\t\t<\/div>\n\t\t\t\t\t\t\t<div class=\"qodef-marquee-item qodef-e\" >\n\t\t\t\t\t\t\t\t\t\t\t\t\t\t\t\t\t\t\t\t\t\t<span class=\"qodef-m-text\" >\n\t\t\t\t\t\t\tSementes\t\t\t\t\t\t<\/span>\n\n\t\t\t\t\t\t\t\t\t<\/div>\n\t\t\t\t\t\t\t<div class=\"qodef-marquee-item qodef-e\" >\n\t\t\t\t\t\t\t\t\t\t\t\t\t\t\t\t\t\t\t\t\t\t<span class=\"qodef-m-text\" >\n\t\t\t\t\t\t\tNatureza\t\t\t\t\t\t<\/span>\n\n\t\t\t\t\t\t\t\t\t<\/div>\n\t\t\t\t\t\t\t<div class=\"qodef-marquee-item qodef-e\" >\n\t\t\t\t\t\t\t\t\t\t\t\t\t\t\t\t\t\t\t\t\t\t<span class=\"qodef-m-text\" >\n\t\t\t\t\t\t\tTradi\u00e7\u00e3o portuguesa\t\t\t\t\t\t<\/span>\n\n\t\t\t\t\t\t\t\t\t<\/div>\n\t\t\t\t\t\t\t<div class=\"qodef-marquee-item qodef-e\" >\n\t\t\t\t\t\t\t\t\t\t\t\t\t\t\t\t\t\t\t\t\t\t<span class=\"qodef-m-text\" >\n\t\t\t\t\t\t\tProximidade\t\t\t\t\t\t<\/span>\n\n\t\t\t\t\t\t\t\t\t<\/div>\n\t\t\t\t\t\t\t<div class=\"qodef-marquee-item qodef-e\" >\n\t\t\t\t\t\t\t\t\t\t\t\t\t\t\t\t\t\t\t\t\t\t<span class=\"qodef-m-text\" >\n\t\t\t\t\t\t\tTomate\t\t\t\t\t\t<\/span>\n\n\t\t\t\t\t\t\t\t\t<\/div>\n\t\t\t\t\t\t\t<div class=\"qodef-marquee-item qodef-e\" >\n\t\t\t\t\t\t\t\t\t\t\t\t\t\t\t\t\t\t\t\t\t\t<span class=\"qodef-m-text\" >\n\t\t\t\t\t\t\tMat\u00e9ria-prima\t\t\t\t\t\t<\/span>\n\n\t\t\t\t\t\t\t\t\t<\/div>\n\t\t\t\t\t<\/div>\n\t<\/div>\n<\/div>\n\t\t<\/div>\n\t\t\t\t<\/div>\n\t\t\t\t<\/div>\n\t\t\t\t<\/div>\n\t\t","protected":false},"excerpt":{"rendered":"<p>conhece a equipa Deixas-nos surpreender-te? Ant\u00f3nio Rita Junior &#8211; Chef Hugo Host Anderson Dishwash Rosa Hostess Bruno de Jesus Chef Queres juntar-te a n\u00f3s? apresenta o teu CV Dizem de n\u00f3s From the very warm greeting you get as you enter Barrica, to being served by the most professional friendly lovely members of staff led [&hellip;]<\/p>\n","protected":false},"author":1,"featured_media":0,"parent":0,"menu_order":0,"comment_status":"closed","ping_status":"closed","template":"page-full-width.php","meta":{"om_disable_all_campaigns":false,"_monsterinsights_skip_tracking":false,"_monsterinsights_sitenote_active":false,"_monsterinsights_sitenote_note":"","_monsterinsights_sitenote_category":0,"_uf_show_specific_survey":0,"_uf_disable_surveys":false,"footnotes":""},"class_list":["post-14077","page","type-page","status-publish","hentry"],"aioseo_notices":[],"jetpack_sharing_enabled":true,"_links":{"self":[{"href":"https:\/\/barrica.yoursporto.com\/pt-pt\/wp-json\/wp\/v2\/pages\/14077"}],"collection":[{"href":"https:\/\/barrica.yoursporto.com\/pt-pt\/wp-json\/wp\/v2\/pages"}],"about":[{"href":"https:\/\/barrica.yoursporto.com\/pt-pt\/wp-json\/wp\/v2\/types\/page"}],"author":[{"embeddable":true,"href":"https:\/\/barrica.yoursporto.com\/pt-pt\/wp-json\/wp\/v2\/users\/1"}],"replies":[{"embeddable":true,"href":"https:\/\/barrica.yoursporto.com\/pt-pt\/wp-json\/wp\/v2\/comments?post=14077"}],"version-history":[{"count":3,"href":"https:\/\/barrica.yoursporto.com\/pt-pt\/wp-json\/wp\/v2\/pages\/14077\/revisions"}],"predecessor-version":[{"id":14108,"href":"https:\/\/barrica.yoursporto.com\/pt-pt\/wp-json\/wp\/v2\/pages\/14077\/revisions\/14108"}],"wp:attachment":[{"href":"https:\/\/barrica.yoursporto.com\/pt-pt\/wp-json\/wp\/v2\/media?parent=14077"}],"curies":[{"name":"wp","href":"https:\/\/api.w.org\/{rel}","templated":true}]}}