{"id":14079,"date":"2023-11-02T10:00:09","date_gmt":"2023-11-02T10:00:09","guid":{"rendered":"https:\/\/barrica.yoursporto.com\/?page_id=14079"},"modified":"2024-12-06T13:06:29","modified_gmt":"2024-12-06T13:06:29","slug":"reservations","status":"publish","type":"page","link":"https:\/\/barrica.yoursporto.com\/pt-pt\/reservations\/","title":{"rendered":"Reservas"},"content":{"rendered":"\t\t<div data-elementor-type=\"wp-page\" data-elementor-id=\"14079\" class=\"elementor elementor-14079 elementor-4914\">\n\t\t\t\t<div class=\"elementor-element elementor-element-b05ec64 e-con-full qodef-elementor-content-grid e-flex e-con e-parent\" data-id=\"b05ec64\" data-element_type=\"container\">\n\t\t\t\t<div class=\"elementor-element elementor-element-63e1521 elementor-widget__width-initial elementor-widget-mobile__width-inherit elementor-widget elementor-widget-fidalgo_core_section_title\" data-id=\"63e1521\" data-element_type=\"widget\" data-widget_type=\"fidalgo_core_section_title.default\">\n\t\t\t\t<div class=\"elementor-widget-container\">\n\t\t\t<div class=\"qodef-shortcode qodef-m  qodef-section-title qodef-alignment--center  \">\n\t\t<h2 class=\"qodef-m-title\" >\n\t\t\t\t\tEventos\t\t\t<\/h2>\n\t\t\t<p class=\"qodef-m-text\" style=\"margin-top: 15px\">Corporate - Eventos v\u00ednicos - Sunsets - Celebra\u00e7\u00f5es<\/p>\n<\/div>\n\t\t<\/div>\n\t\t\t\t<\/div>\n\t\t\t\t<div class=\"elementor-element elementor-element-09ac45c elementor-widget__width-initial elementor-widget elementor-widget-wp-widget-fidalgo_core_contact_form_7\" data-id=\"09ac45c\" data-element_type=\"widget\" data-widget_type=\"wp-widget-fidalgo_core_contact_form_7.default\">\n\t\t\t\t<div class=\"elementor-widget-container\">\n\t\t\t\t\t\t<div class=\"qodef-contact-form-7\">\n\t\t\t\t\n<div class=\"wpcf7 no-js\" id=\"wpcf7-f11730-o1\" lang=\"en-US\" dir=\"ltr\" data-wpcf7-id=\"11730\">\n<div class=\"screen-reader-response\"><p role=\"status\" aria-live=\"polite\" aria-atomic=\"true\"><\/p> <ul><\/ul><\/div>\n<form action=\"\/pt-pt\/wp-json\/wp\/v2\/pages\/14079#wpcf7-f11730-o1\" method=\"post\" class=\"wpcf7-form init\" aria-label=\"Contact form\" novalidate=\"novalidate\" data-status=\"init\">\n<div style=\"display: none;\">\n<input type=\"hidden\" name=\"_wpcf7\" value=\"11730\" \/>\n<input type=\"hidden\" name=\"_wpcf7_version\" value=\"6.0\" \/>\n<input type=\"hidden\" name=\"_wpcf7_locale\" value=\"en_US\" \/>\n<input type=\"hidden\" name=\"_wpcf7_unit_tag\" value=\"wpcf7-f11730-o1\" \/>\n<input type=\"hidden\" name=\"_wpcf7_container_post\" value=\"0\" \/>\n<input type=\"hidden\" name=\"_wpcf7_posted_data_hash\" value=\"\" \/>\n<input type=\"hidden\" name=\"_wpcf7_recaptcha_response\" value=\"\" \/>\n<\/div>\n<div class=\"qodef-reservation-form\"> <span class=\"wpcf7-form-control-wrap\" data-name=\"event-name\"><input size=\"40\" maxlength=\"400\" class=\"wpcf7-form-control wpcf7-text wpcf7-validates-as-required\" aria-required=\"true\" aria-invalid=\"false\" placeholder=\"Event name\" value=\"\" type=\"text\" name=\"event-name\" \/><\/span> <div class=\"qodef-grid qodef-layout--columns qodef-responsive--custom qodef-col-num--3 qodef-col-num--1024--3 qodef-col-num--880--1 qodef-col-num--680--1\"><div class=\"qodef-grid-inner\"> <div class=\"qodef-grid-item\"> <span class=\"wpcf7-form-control-wrap\" data-name=\"number-of-people\"><input class=\"wpcf7-form-control wpcf7-number wpcf7-validates-as-number\" aria-invalid=\"false\" placeholder=\"Number of People\" value=\"\" type=\"number\" name=\"number-of-people\" \/><\/span> <\/div> <div class=\"qodef-grid-item\"> <span class=\"wpcf7-form-control-wrap\" data-name=\"date-event\"><input class=\"wpcf7-form-control wpcf7-date wpcf7-validates-as-date\" min=\"2023-09-30\" max=\"2027-05-31\" aria-invalid=\"false\" placeholder=\"2024-05-31\" value=\"\" type=\"date\" name=\"date-event\" \/><\/span> <\/div> <div class=\"qodef-grid-item\"> <span class=\"wpcf7-form-control-wrap\" data-name=\"menu-time\"><select class=\"wpcf7-form-control wpcf7-select\" aria-invalid=\"false\" name=\"menu-time\"><option value=\"10:00 AM\">10:00 AM<\/option><option value=\"11:00 AM\">11:00 AM<\/option><option value=\"1:00 PM\">1:00 PM<\/option><option value=\"4:00 PM\">4:00 PM<\/option><option value=\"All day\">All day<\/option><\/select><\/span> <\/div> <div class=\"qodef-grid-item\"> <span class=\"wpcf7-form-control-wrap\" data-name=\"your-name\"><input size=\"40\" maxlength=\"400\" class=\"wpcf7-form-control wpcf7-text wpcf7-validates-as-required\" autocomplete=\"name\" aria-required=\"true\" aria-invalid=\"false\" placeholder=\"Your name\" value=\"\" type=\"text\" name=\"your-name\" \/><\/span> <\/div> <div class=\"qodef-grid-item\"> <span class=\"wpcf7-form-control-wrap\" data-name=\"your-email\"><input size=\"40\" maxlength=\"400\" class=\"wpcf7-form-control wpcf7-email wpcf7-validates-as-required wpcf7-text wpcf7-validates-as-email\" autocomplete=\"email\" aria-required=\"true\" aria-invalid=\"false\" placeholder=\"Your Email\" value=\"\" type=\"email\" name=\"your-email\" \/><\/span> <\/div> <div class=\"qodef-grid-item\"> <span class=\"wpcf7-form-control-wrap\" data-name=\"your-phone\"><input size=\"40\" maxlength=\"400\" class=\"wpcf7-form-control wpcf7-text wpcf7-validates-as-required\" aria-required=\"true\" aria-invalid=\"false\" placeholder=\"Phone\" value=\"\" type=\"text\" name=\"your-phone\" \/><\/span> <\/div><\/div><\/div> <span class=\"wpcf7-form-control-wrap\" data-name=\"your-message\"><textarea cols=\"40\" rows=\"10\" maxlength=\"2000\" class=\"wpcf7-form-control wpcf7-textarea\" aria-invalid=\"false\" placeholder=\"tell us more about event (optional)\" name=\"your-message\"><\/textarea><\/span> <div class=\"qodef-button-holder\"> <button class=\"wpcf7-form-control wpcf7-submit qodef-button qodef-size--normal qodef-layout--outlined qodef-m\" type=\"submit\"><span class=\"qodef-m-text\">Book Now<\/span><\/button> <\/div> <\/div><div class=\"wpcf7-response-output\" aria-hidden=\"true\"><\/div>\n<\/form>\n<\/div>\n\t\t\t<\/div>\n\t\t\t\t\t<\/div>\n\t\t\t\t<\/div>\n\t\t\t\t<\/div>\n\t\t<div class=\"elementor-element elementor-element-2692e62 e-con-full qodef-elementor-content-grid e-flex e-con e-parent\" data-id=\"2692e62\" data-element_type=\"container\">\n\t\t<div class=\"elementor-element elementor-element-097ff47 e-con-full e-flex e-con e-child\" data-id=\"097ff47\" data-element_type=\"container\">\n\t\t\t\t<div class=\"elementor-element elementor-element-80c6515 elementor-widget elementor-widget-fidalgo_core_stacked_images\" data-id=\"80c6515\" data-element_type=\"widget\" data-widget_type=\"fidalgo_core_stacked_images.default\">\n\t\t\t\t<div class=\"elementor-widget-container\">\n\t\t\t<div class=\"qodef-shortcode qodef-m  qodef-stacked-images qodef-layout--default qodef--has-scroll\">\n\t<div class=\"qodef-m-images\">\n\t\t\t\t\t<div class=\"qodef-m-main-image\">\n\t\t\t\t<img fetchpriority=\"high\" decoding=\"async\" width=\"1707\" height=\"2560\" src=\"https:\/\/i0.wp.com\/barrica.yoursporto.com\/wp-content\/uploads\/2024\/11\/DSC00442-copy-scaled.webp?fit=1707%2C2560&amp;ssl=1\" class=\"attachment-full size-full\" alt=\"\" srcset=\"https:\/\/i0.wp.com\/barrica.yoursporto.com\/wp-content\/uploads\/2024\/11\/DSC00442-copy-scaled.webp?w=1707&amp;ssl=1 1707w, https:\/\/i0.wp.com\/barrica.yoursporto.com\/wp-content\/uploads\/2024\/11\/DSC00442-copy-scaled.webp?resize=200%2C300&amp;ssl=1 200w, https:\/\/i0.wp.com\/barrica.yoursporto.com\/wp-content\/uploads\/2024\/11\/DSC00442-copy-scaled.webp?resize=683%2C1024&amp;ssl=1 683w, https:\/\/i0.wp.com\/barrica.yoursporto.com\/wp-content\/uploads\/2024\/11\/DSC00442-copy-scaled.webp?resize=768%2C1152&amp;ssl=1 768w, https:\/\/i0.wp.com\/barrica.yoursporto.com\/wp-content\/uploads\/2024\/11\/DSC00442-copy-scaled.webp?resize=1024%2C1536&amp;ssl=1 1024w, https:\/\/i0.wp.com\/barrica.yoursporto.com\/wp-content\/uploads\/2024\/11\/DSC00442-copy-scaled.webp?resize=1365%2C2048&amp;ssl=1 1365w, https:\/\/i0.wp.com\/barrica.yoursporto.com\/wp-content\/uploads\/2024\/11\/DSC00442-copy-scaled.webp?resize=600%2C900&amp;ssl=1 600w\" sizes=\"(max-width: 1300px) 100vw, 1300px\" \/>\t\t\t<\/div>\n\t\t\t\t\t\t\t\t<div class=\"qodef-m-image \" style=\"top: var(--qode-item-vertical);--qode-item-vertical-position:51%;right: var(--qode-item-horizontal);--qode-item-horizontal-position:-12%;text-align:right\" >\n\t\t\t\t\t<img data-recalc-dims=\"1\" decoding=\"async\" src=\"https:\/\/i0.wp.com\/barrica.yoursporto.com\/wp-content\/uploads\/2024\/11\/DSC09905-HDR-copy-scaled.webp?resize=202%2C281&#038;ssl=1\" alt=\"\" width=\"202\" height=\"281\" data-ratio=\"0.71886120996441\" \/>\t\t\t\t<\/div>\n\t\t\t\t<\/div>\n<\/div>\n\t\t<\/div>\n\t\t\t\t<\/div>\n\t\t\t\t<\/div>\n\t\t<div class=\"elementor-element elementor-element-cd1a388 e-con-full e-flex e-con e-child\" data-id=\"cd1a388\" data-element_type=\"container\">\n\t\t<div class=\"elementor-element elementor-element-f55b02d e-con-full e-flex e-con e-child\" data-id=\"f55b02d\" data-element_type=\"container\">\n\t\t\t\t<div class=\"elementor-element elementor-element-d4331e7 elementor-widget elementor-widget-text-editor\" data-id=\"d4331e7\" data-element_type=\"widget\" data-widget_type=\"text-editor.default\">\n\t\t\t\t<div class=\"elementor-widget-container\">\n\t\t\t\t\t\t\t<h4>visita-nos<\/h4>\n\t\t\t\t\t\t<\/div>\n\t\t\t\t<\/div>\n\t\t\t\t<div class=\"elementor-element elementor-element-2de9f41 elementor-widget elementor-widget-text-editor\" data-id=\"2de9f41\" data-element_type=\"widget\" data-widget_type=\"text-editor.default\">\n\t\t\t\t<div class=\"elementor-widget-container\">\n\t\t\t\t\t\t\t<p><a class=\"qodef--light-hover\" style=\"font-family: jost; font-size: 17px; color: #ced8d8; font-weight: 300;\" href=\"https:\/\/www.google.com\/maps\/place\/R.+de+S%C3%A3o+Miguel+25,+4050-452+Porto\/@41.1432881,-8.6190534,17z\/data=!3m1!4b1!4m6!3m5!1s0xd24651e046fedff:0x35f6ab7067605cf5!8m2!3d41.1432881!4d-8.6164731!16s%2Fg%2F11c289kk8r?entry=ttu&amp;g_ep=EgoyMDI0MTAxNi4wIKXMDSoASAFQAw%3D%3D?entry=ttu\" target=\"_blank\" rel=\"noopener\">Rua de S\u00e3o Miguel, 25<\/a>,<\/p>\n\t\t\t\t\t\t<\/div>\n\t\t\t\t<\/div>\n\t\t\t\t<div class=\"elementor-element elementor-element-49f88e9 elementor-widget elementor-widget-text-editor\" data-id=\"49f88e9\" data-element_type=\"widget\" data-widget_type=\"text-editor.default\">\n\t\t\t\t<div class=\"elementor-widget-container\">\n\t\t\t\t\t\t\t<p>T. <a class=\"qodef--light-hover\" style=\"color: #ced8d8;\" href=\"tel:00351915541027\">+351 915 541 027<\/a><\/p>\n\t\t\t\t\t\t<\/div>\n\t\t\t\t<\/div>\n\t\t\t\t<div class=\"elementor-element elementor-element-6cf8e81 elementor-widget elementor-widget-text-editor\" data-id=\"6cf8e81\" data-element_type=\"widget\" data-widget_type=\"text-editor.default\">\n\t\t\t\t<div class=\"elementor-widget-container\">\n\t\t\t\t\t\t\t<p>M. <a class=\"qodef--light-hover\" style=\"color: #ced8d8;\" href=\"mailto:barrica@yoursporto.com\">barrica@yoursporto.com<\/a><\/p>\n\t\t\t\t\t\t<\/div>\n\t\t\t\t<\/div>\n\t\t\t\t<div class=\"elementor-element elementor-element-f261a01 elementor-widget elementor-widget-text-editor\" data-id=\"f261a01\" data-element_type=\"widget\" data-widget_type=\"text-editor.default\">\n\t\t\t\t<div class=\"elementor-widget-container\">\n\t\t\t\t\t\t\t<h4>hor\u00e1rio de funcionamento<\/h4>\n\t\t\t\t\t\t<\/div>\n\t\t\t\t<\/div>\n\t\t\t\t<div class=\"elementor-element elementor-element-aa19bce elementor-widget elementor-widget-text-editor\" data-id=\"aa19bce\" data-element_type=\"widget\" data-widget_type=\"text-editor.default\">\n\t\t\t\t<div class=\"elementor-widget-container\">\n\t\t\t\t\t\t\t<p>Jantar: 7pm &#8211; 0am (\u00daltimo lugar \u00e0s 10:30pm)<\/p>\n\t\t\t\t\t\t<\/div>\n\t\t\t\t<\/div>\n\t\t\t\t<\/div>\n\t\t\t\t<\/div>\n\t\t\t\t<\/div>\n\t\t<div class=\"elementor-element elementor-element-aee1d5e e-con-full e-flex e-con e-parent\" data-id=\"aee1d5e\" data-element_type=\"container\" data-settings=\"{&quot;background_background&quot;:&quot;classic&quot;}\">\n\t\t<div class=\"elementor-element elementor-element-2817c55 e-con-full qodef-elementor-content-grid e-flex e-con e-child\" data-id=\"2817c55\" data-element_type=\"container\">\n\t\t\t\t<div class=\"elementor-element elementor-element-8a0aa5b elementor-widget elementor-widget-fidalgo_core_section_title\" data-id=\"8a0aa5b\" data-element_type=\"widget\" data-widget_type=\"fidalgo_core_section_title.default\">\n\t\t\t\t<div class=\"elementor-widget-container\">\n\t\t\t<div class=\"qodef-shortcode qodef-m  qodef-section-title qodef-alignment--center  \">\n\t\t<h2 class=\"qodef-m-title\" style=\"color: #FFFFFF\">\n\t\t\t\t\tbarrica newsletter\t\t\t<\/h2>\n\t\t<p  class=\"qodef-m-subtitle\" style=\"color: #FFFFFF\">\n\t\tSubscreve para receberes as \u00faltimas not\u00edcias, an\u00fancios e ofertas especiais\t<\/p >\n\t<\/div>\n\t\t<\/div>\n\t\t\t\t<\/div>\n\t\t\t\t<div class=\"elementor-element elementor-element-efbe676 elementor-widget__width-initial elementor-widget elementor-widget-wp-widget-fidalgo_core_contact_form_7\" data-id=\"efbe676\" data-element_type=\"widget\" data-widget_type=\"wp-widget-fidalgo_core_contact_form_7.default\">\n\t\t\t\t<div class=\"elementor-widget-container\">\n\t\t\t\t\t\t<div class=\"qodef-contact-form-7\">\n\t\t\t\t<p class=\"wpcf7-contact-form-not-found\"><strong>Erro:<\/strong> Formul\u00e1rio de contacto n\u00e3o encontrado.<\/p>\t\t\t<\/div>\n\t\t\t\t\t<\/div>\n\t\t\t\t<\/div>\n\t\t\t\t<div class=\"elementor-element elementor-element-250e823 elementor-widget elementor-widget-wp-widget-fidalgo_core_social_links_group\" data-id=\"250e823\" data-element_type=\"widget\" data-widget_type=\"wp-widget-fidalgo_core_social_links_group.default\">\n\t\t\t\t<div class=\"elementor-widget-container\">\n\t\t\t\t\t\t<div class=\"qodef-social-links-group\">\n\t\t\t\t\t\t\t\t\t\t<span class=\"qodef-link-holder\">\n\t\t\t\t\t\t\t<a itemprop=\"url\" href=\"https:\/\/www.facebook.com\/barricabyyoursporto\" target=\"_blank\">facebook<\/a>\t\t\t\t\t\t<\/span>\n\t\t\t\t\t\t\t\t\t\t\t<span class=\"qodef-link-holder\">\n\t\t\t\t\t\t\t<a itemprop=\"url\" href=\"https:\/\/www.instagram.com\/barricabyyoursporto\" target=\"_blank\">instagram<\/a>\t\t\t\t\t\t<\/span>\n\t\t\t\t\t\t\t\t\t\t\t<span class=\"qodef-link-holder\">\n\t\t\t\t\t\t\t<a itemprop=\"url\" href=\"https:\/\/wa.me\/00351915541027\" target=\"_blank\">Whatsapp<\/a>\t\t\t\t\t\t<\/span>\n\t\t\t\t\t\t\t\t<\/div>\n\t\t\t\t\t<\/div>\n\t\t\t\t<\/div>\n\t\t\t\t<\/div>\n\t\t\t\t<\/div>\n\t\t<div class=\"elementor-element elementor-element-1ae26333 e-con-full e-flex e-con e-parent\" data-id=\"1ae26333\" data-element_type=\"container\">\n\t\t\t\t<div class=\"elementor-element elementor-element-51b80f1f elementor-widget__width-inherit elementor-widget elementor-widget-fidalgo_core_text_marquee\" data-id=\"51b80f1f\" data-element_type=\"widget\" data-widget_type=\"fidalgo_core_text_marquee.default\">\n\t\t\t\t<div class=\"elementor-widget-container\">\n\t\t\t<div class=\"qodef-shortcode qodef-m  qodef-text-marquee qodef-text-marquee-562 qodef-layout--default qodef-direction--left\" >\n\t<div class=\"qodef-m-content\" style=\"font-family: Mrs Saint Delafield;font-size: 40px;line-height: 39px;text-transform: none;--qode-marquee-color: #B58C67\">\n\t\t<div class=\"qodef-m-content-inner\">\n\t\t\t\t\t\t\t<div class=\"qodef-marquee-item qodef-e\" >\n\t\t\t\t\t\t\t\t\t\t\t\t\t\t\t\t\t\t\t\t\t\t<span class=\"qodef-m-text\" >\n\t\t\t\t\t\t\tPimenta\t\t\t\t\t\t<\/span>\n\n\t\t\t\t\t\t\t\t\t<\/div>\n\t\t\t\t\t\t\t<div class=\"qodef-marquee-item qodef-e\" >\n\t\t\t\t\t\t\t\t\t\t\t\t\t\t\t\t\t\t\t\t\t\t<span class=\"qodef-m-text\" >\n\t\t\t\t\t\t\tAma\t\t\t\t\t\t<\/span>\n\n\t\t\t\t\t\t\t\t\t<\/div>\n\t\t\t\t\t\t\t<div class=\"qodef-marquee-item qodef-e\" >\n\t\t\t\t\t\t\t\t\t\t\t\t\t\t\t\t\t\t\t\t\t\t<span class=\"qodef-m-text\" >\n\t\t\t\t\t\t\tCebola\t\t\t\t\t\t<\/span>\n\n\t\t\t\t\t\t\t\t\t<\/div>\n\t\t\t\t\t\t\t<div class=\"qodef-marquee-item qodef-e\" >\n\t\t\t\t\t\t\t\t\t\t\t\t\t\t\t\t\t\t\t\t\t\t<span class=\"qodef-m-text\" >\n\t\t\t\t\t\t\tMem\u00f3rias\t\t\t\t\t\t<\/span>\n\n\t\t\t\t\t\t\t\t\t<\/div>\n\t\t\t\t\t\t\t<div class=\"qodef-marquee-item qodef-e\" >\n\t\t\t\t\t\t\t\t\t\t\t\t\t\t\t\t\t\t\t\t\t\t<span class=\"qodef-m-text\" >\n\t\t\t\t\t\t\tAlho\t\t\t\t\t\t<\/span>\n\n\t\t\t\t\t\t\t\t\t<\/div>\n\t\t\t\t\t\t\t<div class=\"qodef-marquee-item qodef-e\" >\n\t\t\t\t\t\t\t\t\t\t\t\t\t\t\t\t\t\t\t\t\t\t<span class=\"qodef-m-text\" >\n\t\t\t\t\t\t\tAlma\t\t\t\t\t\t<\/span>\n\n\t\t\t\t\t\t\t\t\t<\/div>\n\t\t\t\t\t\t\t<div class=\"qodef-marquee-item qodef-e\" >\n\t\t\t\t\t\t\t\t\t\t\t\t\t\t\t\t\t\t\t\t\t\t<span class=\"qodef-m-text\" >\n\t\t\t\t\t\t\tSementes\t\t\t\t\t\t<\/span>\n\n\t\t\t\t\t\t\t\t\t<\/div>\n\t\t\t\t\t\t\t<div class=\"qodef-marquee-item qodef-e\" >\n\t\t\t\t\t\t\t\t\t\t\t\t\t\t\t\t\t\t\t\t\t\t<span class=\"qodef-m-text\" >\n\t\t\t\t\t\t\tNatureza\t\t\t\t\t\t<\/span>\n\n\t\t\t\t\t\t\t\t\t<\/div>\n\t\t\t\t\t\t\t<div class=\"qodef-marquee-item qodef-e\" >\n\t\t\t\t\t\t\t\t\t\t\t\t\t\t\t\t\t\t\t\t\t\t<span class=\"qodef-m-text\" >\n\t\t\t\t\t\t\tTradi\u00e7\u00e3o portuguesa\t\t\t\t\t\t<\/span>\n\n\t\t\t\t\t\t\t\t\t<\/div>\n\t\t\t\t\t\t\t<div class=\"qodef-marquee-item qodef-e\" >\n\t\t\t\t\t\t\t\t\t\t\t\t\t\t\t\t\t\t\t\t\t\t<span class=\"qodef-m-text\" >\n\t\t\t\t\t\t\tProximidade\t\t\t\t\t\t<\/span>\n\n\t\t\t\t\t\t\t\t\t<\/div>\n\t\t\t\t\t\t\t<div class=\"qodef-marquee-item qodef-e\" >\n\t\t\t\t\t\t\t\t\t\t\t\t\t\t\t\t\t\t\t\t\t\t<span class=\"qodef-m-text\" >\n\t\t\t\t\t\t\tTomate\t\t\t\t\t\t<\/span>\n\n\t\t\t\t\t\t\t\t\t<\/div>\n\t\t\t\t\t\t\t<div class=\"qodef-marquee-item qodef-e\" >\n\t\t\t\t\t\t\t\t\t\t\t\t\t\t\t\t\t\t\t\t\t\t<span class=\"qodef-m-text\" >\n\t\t\t\t\t\t\tMat\u00e9ria-prima\t\t\t\t\t\t<\/span>\n\n\t\t\t\t\t\t\t\t\t<\/div>\n\t\t\t\t\t<\/div>\n\t<\/div>\n<\/div>\n\t\t<\/div>\n\t\t\t\t<\/div>\n\t\t\t\t<\/div>\n\t\t\t\t<\/div>\n\t\t","protected":false},"excerpt":{"rendered":"<p>Eventos Corporate &#8211; Eventos v\u00ednicos &#8211; Sunsets &#8211; Celebra\u00e7\u00f5es visita-nos Rua de S\u00e3o Miguel, 25, T. +351 915 541 027 M. barrica@yoursporto.com hor\u00e1rio de funcionamento Jantar: 7pm &#8211; 0am (\u00daltimo lugar \u00e0s 10:30pm) barrica newsletter Subscreve para receberes as \u00faltimas not\u00edcias, an\u00fancios e ofertas especiais Pimenta Ama Cebola Mem\u00f3rias Alho Alma Sementes Natureza Tradi\u00e7\u00e3o portuguesa [&hellip;]<\/p>\n","protected":false},"author":1,"featured_media":0,"parent":0,"menu_order":0,"comment_status":"closed","ping_status":"closed","template":"page-full-width.php","meta":{"om_disable_all_campaigns":false,"_monsterinsights_skip_tracking":false,"_monsterinsights_sitenote_active":false,"_monsterinsights_sitenote_note":"","_monsterinsights_sitenote_category":0,"_uf_show_specific_survey":0,"_uf_disable_surveys":false,"footnotes":""},"class_list":["post-14079","page","type-page","status-publish","hentry"],"aioseo_notices":[],"jetpack_sharing_enabled":true,"_links":{"self":[{"href":"https:\/\/barrica.yoursporto.com\/pt-pt\/wp-json\/wp\/v2\/pages\/14079"}],"collection":[{"href":"https:\/\/barrica.yoursporto.com\/pt-pt\/wp-json\/wp\/v2\/pages"}],"about":[{"href":"https:\/\/barrica.yoursporto.com\/pt-pt\/wp-json\/wp\/v2\/types\/page"}],"author":[{"embeddable":true,"href":"https:\/\/barrica.yoursporto.com\/pt-pt\/wp-json\/wp\/v2\/users\/1"}],"replies":[{"embeddable":true,"href":"https:\/\/barrica.yoursporto.com\/pt-pt\/wp-json\/wp\/v2\/comments?post=14079"}],"version-history":[{"count":3,"href":"https:\/\/barrica.yoursporto.com\/pt-pt\/wp-json\/wp\/v2\/pages\/14079\/revisions"}],"predecessor-version":[{"id":14111,"href":"https:\/\/barrica.yoursporto.com\/pt-pt\/wp-json\/wp\/v2\/pages\/14079\/revisions\/14111"}],"wp:attachment":[{"href":"https:\/\/barrica.yoursporto.com\/pt-pt\/wp-json\/wp\/v2\/media?parent=14079"}],"curies":[{"name":"wp","href":"https:\/\/api.w.org\/{rel}","templated":true}]}}