{"id":14133,"date":"2024-11-12T18:41:58","date_gmt":"2024-11-12T18:41:58","guid":{"rendered":"https:\/\/barrica.yoursporto.com\/product\/jantar-com-harmonizacao-1p\/"},"modified":"2025-10-15T11:10:57","modified_gmt":"2025-10-15T11:10:57","slug":"jantar-com-harmonizacao-1p","status":"publish","type":"product","link":"https:\/\/barrica.yoursporto.com\/pt-pt\/produto\/jantar-com-harmonizacao-1p\/","title":{"rendered":"Jantar com harmoniza\u00e7\u00e3o (1p)"},"content":{"rendered":"","protected":false},"excerpt":{"rendered":"<p>6 momentos gastron\u00f3micos e harmoniza\u00e7\u00e3o com 5 vinhos inclu\u00eddos<\/p>\n","protected":false},"featured_media":14045,"template":"","meta":{"om_disable_all_campaigns":false,"_monsterinsights_skip_tracking":false,"_monsterinsights_sitenote_active":false,"_monsterinsights_sitenote_note":"","_monsterinsights_sitenote_category":0,"_uf_show_specific_survey":0,"_uf_disable_surveys":false},"product_cat":[116],"product_tag":[],"class_list":{"0":"post-14133","1":"product","2":"type-product","3":"status-publish","4":"has-post-thumbnail","6":"product_cat-presente","8":"first","9":"instock","10":"taxable","11":"shipping-taxable","12":"purchasable","13":"product-type-simple"},"aioseo_notices":[],"jetpack_sharing_enabled":true,"_links":{"self":[{"href":"https:\/\/barrica.yoursporto.com\/pt-pt\/wp-json\/wp\/v2\/product\/14133"}],"collection":[{"href":"https:\/\/barrica.yoursporto.com\/pt-pt\/wp-json\/wp\/v2\/product"}],"about":[{"href":"https:\/\/barrica.yoursporto.com\/pt-pt\/wp-json\/wp\/v2\/types\/product"}],"wp:featuredmedia":[{"embeddable":true,"href":"https:\/\/barrica.yoursporto.com\/pt-pt\/wp-json\/wp\/v2\/media\/14045"}],"wp:attachment":[{"href":"https:\/\/barrica.yoursporto.com\/pt-pt\/wp-json\/wp\/v2\/media?parent=14133"}],"wp:term":[{"taxonomy":"product_cat","embeddable":true,"href":"https:\/\/barrica.yoursporto.com\/pt-pt\/wp-json\/wp\/v2\/product_cat?post=14133"},{"taxonomy":"product_tag","embeddable":true,"href":"https:\/\/barrica.yoursporto.com\/pt-pt\/wp-json\/wp\/v2\/product_tag?post=14133"}],"curies":[{"name":"wp","href":"https:\/\/api.w.org\/{rel}","templated":true}]}}